{"id":10,"date":"2021-10-29T10:43:22","date_gmt":"2021-10-29T10:43:22","guid":{"rendered":"http:\/\/www.fuoco.hmd.it\/?page_id=10"},"modified":"2024-03-19T09:37:32","modified_gmt":"2024-03-19T09:37:32","slug":"10-2","status":"publish","type":"page","link":"https:\/\/www.fuocomuorto.it\/","title":{"rendered":"Home"},"content":{"rendered":"\n<div class=\"wp-block-cover\"><span aria-hidden=\"true\" class=\"wp-block-cover__background has-background-dim-40 has-background-dim\"><\/span><img decoding=\"async\" width=\"1920\" height=\"907\" class=\"wp-block-cover__image-background wp-image-9\" alt=\"\" src=\"https:\/\/www.fuocomuorto.it\/wp-content\/uploads\/2021\/10\/cork-g0555281af_1920-e1635933335159.jpg\" style=\"object-position:50% 60%\" data-object-fit=\"cover\" data-object-position=\"50% 60%\" srcset=\"https:\/\/www.fuocomuorto.it\/wp-content\/uploads\/2021\/10\/cork-g0555281af_1920-e1635933335159-200x94.jpg 200w, https:\/\/www.fuocomuorto.it\/wp-content\/uploads\/2021\/10\/cork-g0555281af_1920-e1635933335159-300x142.jpg 300w, https:\/\/www.fuocomuorto.it\/wp-content\/uploads\/2021\/10\/cork-g0555281af_1920-e1635933335159-400x189.jpg 400w, https:\/\/www.fuocomuorto.it\/wp-content\/uploads\/2021\/10\/cork-g0555281af_1920-e1635933335159-600x283.jpg 600w, https:\/\/www.fuocomuorto.it\/wp-content\/uploads\/2021\/10\/cork-g0555281af_1920-e1635933335159-768x363.jpg 768w, https:\/\/www.fuocomuorto.it\/wp-content\/uploads\/2021\/10\/cork-g0555281af_1920-e1635933335159-800x378.jpg 800w, https:\/\/www.fuocomuorto.it\/wp-content\/uploads\/2021\/10\/cork-g0555281af_1920-e1635933335159-1024x484.jpg 1024w, https:\/\/www.fuocomuorto.it\/wp-content\/uploads\/2021\/10\/cork-g0555281af_1920-e1635933335159-1200x567.jpg 1200w, https:\/\/www.fuocomuorto.it\/wp-content\/uploads\/2021\/10\/cork-g0555281af_1920-e1635933335159-1536x726.jpg 1536w, https:\/\/www.fuocomuorto.it\/wp-content\/uploads\/2021\/10\/cork-g0555281af_1920-e1635933335159.jpg 1920w\" sizes=\"(max-width: 1920px) 100vw, 1920px\" \/><div class=\"wp-block-cover__inner-container is-layout-flow wp-block-cover-is-layout-flow\">\n<p class=\"has-text-align-center\" style=\"font-size:52px\"><\/p>\n<\/div><\/div>\n\n\n\n<hr class=\"wp-block-separator has-css-opacity\"\/>\n\n\n\n<div class=\"wp-block-media-text alignfull is-stacked-on-mobile is-vertically-aligned-center\" style=\"grid-template-columns:45% auto\"><figure class=\"wp-block-media-text__media\"><img decoding=\"async\" width=\"1024\" height=\"576\" src=\"http:\/\/www.fuoco.hmd.it\/wp-content\/uploads\/2021\/10\/DJI_0654a-1024x576.jpg\" alt=\"\" class=\"wp-image-13 size-full\" srcset=\"https:\/\/www.fuocomuorto.it\/wp-content\/uploads\/2021\/10\/DJI_0654a-200x113.jpg 200w, https:\/\/www.fuocomuorto.it\/wp-content\/uploads\/2021\/10\/DJI_0654a-300x169.jpg 300w, https:\/\/www.fuocomuorto.it\/wp-content\/uploads\/2021\/10\/DJI_0654a-400x225.jpg 400w, https:\/\/www.fuocomuorto.it\/wp-content\/uploads\/2021\/10\/DJI_0654a-600x338.jpg 600w, https:\/\/www.fuocomuorto.it\/wp-content\/uploads\/2021\/10\/DJI_0654a-768x432.jpg 768w, https:\/\/www.fuocomuorto.it\/wp-content\/uploads\/2021\/10\/DJI_0654a-800x450.jpg 800w, https:\/\/www.fuocomuorto.it\/wp-content\/uploads\/2021\/10\/DJI_0654a-1024x576.jpg 1024w, https:\/\/www.fuocomuorto.it\/wp-content\/uploads\/2021\/10\/DJI_0654a-1200x675.jpg 1200w, https:\/\/www.fuocomuorto.it\/wp-content\/uploads\/2021\/10\/DJI_0654a-1536x864.jpg 1536w, https:\/\/www.fuocomuorto.it\/wp-content\/uploads\/2021\/10\/DJI_0654a-scaled.jpg 2560w\" sizes=\"(max-width: 1024px) 100vw, 1024px\" \/><\/figure><div class=\"wp-block-media-text__content\">\n<p class=\"has-drop-cap has-normal-font-size\">L&#8217;azienda&nbsp; agricola&nbsp;<strong>FUOCOMUORTO<\/strong>&nbsp;\u00e8 ubicata in Ercolano, provincia di Napoli, nella contrada Croce dei Monti, che si arrampica&nbsp; sulle pendici del Vesuvio, ad una altezza di 350\/400 metri sul livello del mare, in pieno Parco Nazionale del Vesuvio.<\/p>\n<\/div><\/div>\n\n\n\n<div class=\"wp-block-media-text alignfull has-media-on-the-right is-stacked-on-mobile is-vertically-aligned-center is-style-default\" style=\"grid-template-columns:auto 45%\"><figure class=\"wp-block-media-text__media\"><img decoding=\"async\" width=\"1024\" height=\"576\" src=\"http:\/\/www.fuoco.hmd.it\/wp-content\/uploads\/2021\/10\/DJI_0700a-1024x576.jpg\" alt=\"\" class=\"wp-image-14 size-full\" srcset=\"https:\/\/www.fuocomuorto.it\/wp-content\/uploads\/2021\/10\/DJI_0700a-200x113.jpg 200w, https:\/\/www.fuocomuorto.it\/wp-content\/uploads\/2021\/10\/DJI_0700a-300x169.jpg 300w, https:\/\/www.fuocomuorto.it\/wp-content\/uploads\/2021\/10\/DJI_0700a-400x225.jpg 400w, https:\/\/www.fuocomuorto.it\/wp-content\/uploads\/2021\/10\/DJI_0700a-600x338.jpg 600w, https:\/\/www.fuocomuorto.it\/wp-content\/uploads\/2021\/10\/DJI_0700a-768x432.jpg 768w, https:\/\/www.fuocomuorto.it\/wp-content\/uploads\/2021\/10\/DJI_0700a-800x450.jpg 800w, https:\/\/www.fuocomuorto.it\/wp-content\/uploads\/2021\/10\/DJI_0700a-1024x576.jpg 1024w, https:\/\/www.fuocomuorto.it\/wp-content\/uploads\/2021\/10\/DJI_0700a-1200x675.jpg 1200w, https:\/\/www.fuocomuorto.it\/wp-content\/uploads\/2021\/10\/DJI_0700a-1536x864.jpg 1536w, https:\/\/www.fuocomuorto.it\/wp-content\/uploads\/2021\/10\/DJI_0700a-scaled.jpg 2560w\" sizes=\"(max-width: 1024px) 100vw, 1024px\" \/><\/figure><div class=\"wp-block-media-text__content\">\n<p class=\"has-drop-cap has-normal-font-size\">L\u2019azienda si estende su 3 ettari di terreno, di cui 2 ettari a vigneto ed 1 ettaro a uliveto<\/p>\n<\/div><\/div>\n\n\n\n<div class=\"wp-block-media-text alignfull is-stacked-on-mobile is-vertically-aligned-center\" style=\"grid-template-columns:45% auto\"><figure class=\"wp-block-media-text__media\"><img decoding=\"async\" width=\"1024\" height=\"683\" src=\"http:\/\/www.fuoco.hmd.it\/wp-content\/uploads\/2021\/10\/2N8A4512-1024x683.jpg\" alt=\"\" class=\"wp-image-17 size-full\" srcset=\"https:\/\/www.fuocomuorto.it\/wp-content\/uploads\/2021\/10\/2N8A4512-200x133.jpg 200w, https:\/\/www.fuocomuorto.it\/wp-content\/uploads\/2021\/10\/2N8A4512-300x200.jpg 300w, https:\/\/www.fuocomuorto.it\/wp-content\/uploads\/2021\/10\/2N8A4512-400x267.jpg 400w, https:\/\/www.fuocomuorto.it\/wp-content\/uploads\/2021\/10\/2N8A4512-600x400.jpg 600w, https:\/\/www.fuocomuorto.it\/wp-content\/uploads\/2021\/10\/2N8A4512-768x512.jpg 768w, https:\/\/www.fuocomuorto.it\/wp-content\/uploads\/2021\/10\/2N8A4512-800x533.jpg 800w, https:\/\/www.fuocomuorto.it\/wp-content\/uploads\/2021\/10\/2N8A4512-1024x683.jpg 1024w, https:\/\/www.fuocomuorto.it\/wp-content\/uploads\/2021\/10\/2N8A4512-1200x800.jpg 1200w, https:\/\/www.fuocomuorto.it\/wp-content\/uploads\/2021\/10\/2N8A4512-1536x1024.jpg 1536w, https:\/\/www.fuocomuorto.it\/wp-content\/uploads\/2021\/10\/2N8A4512-scaled.jpg 2560w\" sizes=\"(max-width: 1024px) 100vw, 1024px\" \/><\/figure><div class=\"wp-block-media-text__content\">\n<p class=\"has-drop-cap has-normal-font-size\">E\u2019 destinato alla viticoltura due ettari e mezzo di terreno che si dipana su pi\u00f9 terrazzamenti ottenuti mediante la realizzazione di opere murarie che consentono un\u2019esposizione al sole praticamente costante nell\u2019arco della giornata. Si trova quindi in media collina, caratterizzata dal clima mite, ben ventilato, senza ristagno di umidit\u00e0 primaverile ed estiva, con terreni di origine vulcanica, ben strutturati, giusto grado di insolazione e piovosit\u00e0. Vengono coltivate le due variet\u00e0 di vitigni tipici dell\u2019areale vesuviano e che sono compresi nel disciplinare di produzione del vino \u201cVesuvio D.O.C.\u201c il Caprettone per il Lacryma christi bianco ed il Piedirosso, per il Lacryma christi rosso.<\/p>\n<\/div><\/div>\n\n\n\n<div class=\"wp-block-media-text alignfull has-media-on-the-right is-stacked-on-mobile is-vertically-aligned-center is-style-default\" style=\"grid-template-columns:auto 45%\"><figure class=\"wp-block-media-text__media\"><img decoding=\"async\" width=\"1024\" height=\"683\" src=\"http:\/\/www.fuoco.hmd.it\/wp-content\/uploads\/2021\/10\/2N8A4582a-1024x683.jpg\" alt=\"\" class=\"wp-image-20 size-full\" srcset=\"https:\/\/www.fuocomuorto.it\/wp-content\/uploads\/2021\/10\/2N8A4582a-200x133.jpg 200w, https:\/\/www.fuocomuorto.it\/wp-content\/uploads\/2021\/10\/2N8A4582a-300x200.jpg 300w, https:\/\/www.fuocomuorto.it\/wp-content\/uploads\/2021\/10\/2N8A4582a-400x267.jpg 400w, https:\/\/www.fuocomuorto.it\/wp-content\/uploads\/2021\/10\/2N8A4582a-600x400.jpg 600w, https:\/\/www.fuocomuorto.it\/wp-content\/uploads\/2021\/10\/2N8A4582a-768x512.jpg 768w, https:\/\/www.fuocomuorto.it\/wp-content\/uploads\/2021\/10\/2N8A4582a-800x533.jpg 800w, https:\/\/www.fuocomuorto.it\/wp-content\/uploads\/2021\/10\/2N8A4582a-1024x683.jpg 1024w, https:\/\/www.fuocomuorto.it\/wp-content\/uploads\/2021\/10\/2N8A4582a-1200x800.jpg 1200w, https:\/\/www.fuocomuorto.it\/wp-content\/uploads\/2021\/10\/2N8A4582a-1536x1024.jpg 1536w, https:\/\/www.fuocomuorto.it\/wp-content\/uploads\/2021\/10\/2N8A4582a-scaled.jpg 2560w\" sizes=\"(max-width: 1024px) 100vw, 1024px\" \/><\/figure><div class=\"wp-block-media-text__content\">\n<p class=\"has-drop-cap\">La trasformazione riguarda solo le uve di produzione aziendale ed avviene in idonei locali, mentre la conservazione e la maturazione del vino in bottiglia avviene in una grotta naturale, ricavata sotto una lastra di roccia vulcanica a 4\/5 metri di profondit\u00e0, dove temperatura ed umidit\u00e0 sono quasi costanti nell\u2019arco dell\u2019anno, scavata nel 1780. Nell\u2019azienda \u00e8 presente anche un Bed&amp;breakfast che pu\u00f2 ospitare 6 persone in tre camere da letto, provviste di bagno ed ampia cucina. E\u2019 presente anche sala degustazione per gli assaggi dei vini aziendali.<\/p>\n<\/div><\/div>\n\n\n\n<hr class=\"wp-block-separator has-css-opacity\"\/>\n\n\n\n<figure class=\"wp-block-image size-large is-resized\"><img decoding=\"async\" src=\"https:\/\/www.fuocomuorto.it\/wp-content\/uploads\/2022\/09\/premio-wine-hunter-rosso-1-1024x724.jpg\" alt=\"\" class=\"wp-image-392\" width=\"1200\" height=\"848\" srcset=\"https:\/\/www.fuocomuorto.it\/wp-content\/uploads\/2022\/09\/premio-wine-hunter-rosso-1-200x141.jpg 200w, https:\/\/www.fuocomuorto.it\/wp-content\/uploads\/2022\/09\/premio-wine-hunter-rosso-1-300x212.jpg 300w, https:\/\/www.fuocomuorto.it\/wp-content\/uploads\/2022\/09\/premio-wine-hunter-rosso-1-400x283.jpg 400w, https:\/\/www.fuocomuorto.it\/wp-content\/uploads\/2022\/09\/premio-wine-hunter-rosso-1-600x424.jpg 600w, https:\/\/www.fuocomuorto.it\/wp-content\/uploads\/2022\/09\/premio-wine-hunter-rosso-1-768x543.jpg 768w, https:\/\/www.fuocomuorto.it\/wp-content\/uploads\/2022\/09\/premio-wine-hunter-rosso-1-800x566.jpg 800w, https:\/\/www.fuocomuorto.it\/wp-content\/uploads\/2022\/09\/premio-wine-hunter-rosso-1-1024x724.jpg 1024w, https:\/\/www.fuocomuorto.it\/wp-content\/uploads\/2022\/09\/premio-wine-hunter-rosso-1-1200x848.jpg 1200w, https:\/\/www.fuocomuorto.it\/wp-content\/uploads\/2022\/09\/premio-wine-hunter-rosso-1-1536x1086.jpg 1536w\" sizes=\"(max-width: 1200px) 100vw, 1200px\" \/><figcaption><strong><em>Con orgoglio\u00a0abbiamo ricevuto\u00a0questo\u00a0importante riconoscimento, il &#8220;The WineHunter Award 2022&#8221;, per il nostro Vesuvio Aglianico DOC 2021<\/em><\/strong><\/figcaption><\/figure>\n\n\n\n<div class=\"wp-block-cover alignfull is-light has-parallax\" style=\"background-image:url(https:\/\/www.fuocomuorto.it\/wp-content\/uploads\/2021\/10\/2N8A4675-scaled.jpg);min-height:100vh;aspect-ratio:unset;\"><span aria-hidden=\"true\" class=\"wp-block-cover__background has-background-dim-40 has-background-dim\" style=\"background-color:#000000\"><\/span><div class=\"wp-block-cover__inner-container is-layout-flow wp-block-cover-is-layout-flow\">\n<h2 class=\"has-text-align-center alignwide has-white-color has-text-color wp-block-heading\" style=\"font-size:48px;line-height:1.2\"><strong><em>Si producono<\/em><\/strong><\/h2>\n\n\n\n<div class=\"wp-block-columns alignwide is-layout-flex wp-container-core-columns-is-layout-9d6595d7 wp-block-columns-is-layout-flex\">\n<div class=\"wp-block-column is-layout-flow wp-block-column-is-layout-flow\">\n<div class=\"wp-block-columns is-layout-flex wp-container-core-columns-is-layout-9d6595d7 wp-block-columns-is-layout-flex\">\n<div class=\"wp-block-column is-layout-flow wp-block-column-is-layout-flow\" style=\"flex-basis:25%\"><\/div>\n\n\n\n<div class=\"wp-block-column is-layout-flow wp-block-column-is-layout-flow\" style=\"flex-basis:50%\">\n<ul class=\"wp-block-list\" id=\"block-90bda334-cde0-49fd-9953-34758658fa95\" style=\"font-size:22px\"><li>VESUVIO LACRYMA CHRISTI BIANCO DOP;<\/li><li>VESUVIO LACRYMA CHRISTI ROSSO DOP;<\/li><li>VESUVIO CAPRETTONE DOP<\/li><li>VESUVIO AGLIANICO DOP<\/li><li>IGP CAMPANIA PRIMITIVO ( LAVA DI FUOCO A.D. 1037)<\/li><\/ul>\n<\/div>\n<\/div>\n<\/div>\n<\/div>\n<\/div><\/div>\n\n\n\n<div class=\"wp-block-cover alignfull\" style=\"min-height:800px;aspect-ratio:unset;\"><span aria-hidden=\"true\" class=\"wp-block-cover__background has-background-dim-60 has-background-dim\"><\/span><img decoding=\"async\" width=\"2560\" height=\"1440\" class=\"wp-block-cover__image-background wp-image-30\" alt=\"\" src=\"https:\/\/www.fuocomuorto.it\/wp-content\/uploads\/2021\/10\/DJI_0669-scaled.jpg\" style=\"object-position:53% 61%\" data-object-fit=\"cover\" data-object-position=\"53% 61%\" srcset=\"https:\/\/www.fuocomuorto.it\/wp-content\/uploads\/2021\/10\/DJI_0669-200x113.jpg 200w, https:\/\/www.fuocomuorto.it\/wp-content\/uploads\/2021\/10\/DJI_0669-300x169.jpg 300w, https:\/\/www.fuocomuorto.it\/wp-content\/uploads\/2021\/10\/DJI_0669-400x225.jpg 400w, https:\/\/www.fuocomuorto.it\/wp-content\/uploads\/2021\/10\/DJI_0669-600x338.jpg 600w, https:\/\/www.fuocomuorto.it\/wp-content\/uploads\/2021\/10\/DJI_0669-768x432.jpg 768w, https:\/\/www.fuocomuorto.it\/wp-content\/uploads\/2021\/10\/DJI_0669-800x450.jpg 800w, https:\/\/www.fuocomuorto.it\/wp-content\/uploads\/2021\/10\/DJI_0669-1024x576.jpg 1024w, https:\/\/www.fuocomuorto.it\/wp-content\/uploads\/2021\/10\/DJI_0669-1200x675.jpg 1200w, https:\/\/www.fuocomuorto.it\/wp-content\/uploads\/2021\/10\/DJI_0669-1536x864.jpg 1536w, https:\/\/www.fuocomuorto.it\/wp-content\/uploads\/2021\/10\/DJI_0669-scaled.jpg 2560w\" sizes=\"(max-width: 2560px) 100vw, 2560px\" \/><div class=\"wp-block-cover__inner-container is-layout-flow wp-block-cover-is-layout-flow\">\n<p><\/p>\n\n\n\n<p class=\"has-text-align-center\"><strong>Phone:<\/strong> +39 081.7394655<br><strong>Mobile<\/strong>: +39 320.6053360  +39 331.5226937 (Gennaro)<\/p>\n\n\n\n<p class=\"has-text-align-center\">info@fuocomuorto.it<br><\/p>\n\n\n\n<center><iframe src=\"https:\/\/www.google.com\/maps\/embed?pb=!1m18!1m12!1m3!1d2446.8301608912852!2d14.375111831829603!3d40.807456439549114!2m3!1f0!2f0!3f0!3m2!1i1024!2i768!4f13.1!3m3!1m2!1s0x133ba69cb3b86683%3A0x33ade273e3ba29ea!2sContrada%20Croce%20dei%20Monti%2C%2022%2C%2080056%20Ercolano%20NA!5e1!3m2!1sit!2sit!4v1635509484944!5m2!1sit!2sit\" width=\"800\" height=\"650\" style=\"border:0;\" allowfullscreen=\"\" loading=\"lazy\"><\/iframe>\n<\/div><\/div>\n","protected":false},"excerpt":{"rendered":"<p>L&#8217;azienda&nbsp; agricola&nbsp;FUOCOMUORTO&nbsp;\u00e8 ubicata in Ercolano, provincia di Napoli, nella contrada [&hellip;]<\/p>\n","protected":false},"author":1,"featured_media":0,"parent":0,"menu_order":0,"comment_status":"closed","ping_status":"closed","template":"","meta":{"ngg_post_thumbnail":0,"footnotes":""},"class_list":["post-10","page","type-page","status-publish","hentry"],"_links":{"self":[{"href":"https:\/\/www.fuocomuorto.it\/index.php\/wp-json\/wp\/v2\/pages\/10","targetHints":{"allow":["GET"]}}],"collection":[{"href":"https:\/\/www.fuocomuorto.it\/index.php\/wp-json\/wp\/v2\/pages"}],"about":[{"href":"https:\/\/www.fuocomuorto.it\/index.php\/wp-json\/wp\/v2\/types\/page"}],"author":[{"embeddable":true,"href":"https:\/\/www.fuocomuorto.it\/index.php\/wp-json\/wp\/v2\/users\/1"}],"replies":[{"embeddable":true,"href":"https:\/\/www.fuocomuorto.it\/index.php\/wp-json\/wp\/v2\/comments?post=10"}],"version-history":[{"count":41,"href":"https:\/\/www.fuocomuorto.it\/index.php\/wp-json\/wp\/v2\/pages\/10\/revisions"}],"predecessor-version":[{"id":395,"href":"https:\/\/www.fuocomuorto.it\/index.php\/wp-json\/wp\/v2\/pages\/10\/revisions\/395"}],"wp:attachment":[{"href":"https:\/\/www.fuocomuorto.it\/index.php\/wp-json\/wp\/v2\/media?parent=10"}],"curies":[{"name":"wp","href":"https:\/\/api.w.org\/{rel}","templated":true}]}}