{"id":38,"date":"2021-10-29T13:15:34","date_gmt":"2021-10-29T13:15:34","guid":{"rendered":"http:\/\/www.fuoco.hmd.it\/?page_id=38"},"modified":"2021-11-10T09:10:25","modified_gmt":"2021-11-10T09:10:25","slug":"38-2","status":"publish","type":"page","link":"https:\/\/www.fuocomuorto.it\/index.php\/10-2\/38-2\/","title":{"rendered":"Cantine"},"content":{"rendered":"\n<div class=\"wp-block-cover has-background-dim-40 has-background-dim\"><img decoding=\"async\" width=\"2560\" height=\"969\" class=\"wp-block-cover__image-background wp-image-39\" alt=\"\" src=\"https:\/\/www.fuocomuorto.it\/wp-content\/uploads\/2021\/10\/Panoramica_senza-titolo1-scaled.jpg\" style=\"object-position:45% 62%\" data-object-fit=\"cover\" data-object-position=\"45% 62%\" srcset=\"https:\/\/www.fuocomuorto.it\/wp-content\/uploads\/2021\/10\/Panoramica_senza-titolo1-200x76.jpg 200w, https:\/\/www.fuocomuorto.it\/wp-content\/uploads\/2021\/10\/Panoramica_senza-titolo1-300x114.jpg 300w, https:\/\/www.fuocomuorto.it\/wp-content\/uploads\/2021\/10\/Panoramica_senza-titolo1-400x151.jpg 400w, https:\/\/www.fuocomuorto.it\/wp-content\/uploads\/2021\/10\/Panoramica_senza-titolo1-600x227.jpg 600w, https:\/\/www.fuocomuorto.it\/wp-content\/uploads\/2021\/10\/Panoramica_senza-titolo1-768x291.jpg 768w, https:\/\/www.fuocomuorto.it\/wp-content\/uploads\/2021\/10\/Panoramica_senza-titolo1-800x303.jpg 800w, https:\/\/www.fuocomuorto.it\/wp-content\/uploads\/2021\/10\/Panoramica_senza-titolo1-1024x388.jpg 1024w, https:\/\/www.fuocomuorto.it\/wp-content\/uploads\/2021\/10\/Panoramica_senza-titolo1-1200x454.jpg 1200w, https:\/\/www.fuocomuorto.it\/wp-content\/uploads\/2021\/10\/Panoramica_senza-titolo1-1536x581.jpg 1536w, https:\/\/www.fuocomuorto.it\/wp-content\/uploads\/2021\/10\/Panoramica_senza-titolo1-scaled.jpg 2560w\" sizes=\"(max-width: 2560px) 100vw, 2560px\" \/><div class=\"wp-block-cover__inner-container is-layout-flow wp-block-cover-is-layout-flow\">\n<p class=\"has-text-align-center has-huge-font-size\"><strong>CANTINE<\/strong><\/p>\n<\/div><\/div>\n\n\n\n<hr class=\"wp-block-separator\"\/>\n\n\n\n<div class=\"wp-block-columns is-layout-flex wp-container-core-columns-is-layout-9d6595d7 wp-block-columns-is-layout-flex\">\n<div class=\"wp-block-column is-layout-flow wp-block-column-is-layout-flow\" style=\"flex-basis:66.66%\">\n<hr class=\"wp-block-separator is-style-wide\"\/>\n\n\n\n<p><\/p>\n\n\n\n<p>Il 12 luglio 1780 rappresenta la data in cui fu completata, ad opera del mio antenato Vincenzo Oliviero, la realizzazione della cantina,come dimostrato sia da documenti notarili sia dalla data impressa sulla muratura della cantina di propriet\u00e0 della famiglia Oliviero da oltre 220 anni.<\/p>\n<\/div>\n\n\n\n<div class=\"wp-block-column is-layout-flow wp-block-column-is-layout-flow\" style=\"flex-basis:33.33%\">\n<div class=\"wp-block-image is-style-default\"><figure class=\"aligncenter size-large\"><img decoding=\"async\" width=\"1024\" height=\"683\" src=\"http:\/\/www.fuoco.hmd.it\/wp-content\/uploads\/2021\/10\/2N8A4611a-1024x683.jpg\" alt=\"\" class=\"wp-image-44\" srcset=\"https:\/\/www.fuocomuorto.it\/wp-content\/uploads\/2021\/10\/2N8A4611a-200x133.jpg 200w, https:\/\/www.fuocomuorto.it\/wp-content\/uploads\/2021\/10\/2N8A4611a-300x200.jpg 300w, https:\/\/www.fuocomuorto.it\/wp-content\/uploads\/2021\/10\/2N8A4611a-400x267.jpg 400w, https:\/\/www.fuocomuorto.it\/wp-content\/uploads\/2021\/10\/2N8A4611a-600x400.jpg 600w, https:\/\/www.fuocomuorto.it\/wp-content\/uploads\/2021\/10\/2N8A4611a-768x512.jpg 768w, https:\/\/www.fuocomuorto.it\/wp-content\/uploads\/2021\/10\/2N8A4611a-800x534.jpg 800w, https:\/\/www.fuocomuorto.it\/wp-content\/uploads\/2021\/10\/2N8A4611a-1024x683.jpg 1024w, https:\/\/www.fuocomuorto.it\/wp-content\/uploads\/2021\/10\/2N8A4611a-1200x800.jpg 1200w, https:\/\/www.fuocomuorto.it\/wp-content\/uploads\/2021\/10\/2N8A4611a.jpg 1417w\" sizes=\"(max-width: 1024px) 100vw, 1024px\" \/><\/figure><\/div>\n<\/div>\n<\/div>\n\n\n\n<div class=\"wp-block-columns is-layout-flex wp-container-core-columns-is-layout-9d6595d7 wp-block-columns-is-layout-flex\">\n<div class=\"wp-block-column is-layout-flow wp-block-column-is-layout-flow\" style=\"flex-basis:33.33%\">\n<figure class=\"wp-block-image size-large is-style-default\"><img decoding=\"async\" width=\"1024\" height=\"683\" src=\"http:\/\/www.fuoco.hmd.it\/wp-content\/uploads\/2021\/10\/2N8A4644a-1024x683.jpg\" alt=\"\" class=\"wp-image-46\" srcset=\"https:\/\/www.fuocomuorto.it\/wp-content\/uploads\/2021\/10\/2N8A4644a-200x133.jpg 200w, https:\/\/www.fuocomuorto.it\/wp-content\/uploads\/2021\/10\/2N8A4644a-300x200.jpg 300w, https:\/\/www.fuocomuorto.it\/wp-content\/uploads\/2021\/10\/2N8A4644a-400x267.jpg 400w, https:\/\/www.fuocomuorto.it\/wp-content\/uploads\/2021\/10\/2N8A4644a-600x400.jpg 600w, https:\/\/www.fuocomuorto.it\/wp-content\/uploads\/2021\/10\/2N8A4644a-768x512.jpg 768w, https:\/\/www.fuocomuorto.it\/wp-content\/uploads\/2021\/10\/2N8A4644a-800x534.jpg 800w, https:\/\/www.fuocomuorto.it\/wp-content\/uploads\/2021\/10\/2N8A4644a-1024x683.jpg 1024w, https:\/\/www.fuocomuorto.it\/wp-content\/uploads\/2021\/10\/2N8A4644a-1200x800.jpg 1200w, https:\/\/www.fuocomuorto.it\/wp-content\/uploads\/2021\/10\/2N8A4644a.jpg 1417w\" sizes=\"(max-width: 1024px) 100vw, 1024px\" \/><\/figure>\n<\/div>\n\n\n\n<div class=\"wp-block-column is-layout-flow wp-block-column-is-layout-flow\" style=\"flex-basis:66.66%\">\n<p><\/p>\n\n\n\n<p>Questa cantina \u00e8 una vera proprio opera d\u2019ingegneria. E\u2019 stata scavata sotto un lastrone di roccia vulcanica di qualche eruzione pliniana ed ha una spessore da 3 a 5 metri. Queste cavit\u00e0 si sono create come conseguenza del fenomeno dell\u2019 ingrottamento del magma vulcanico. Lo scavo della cantina,fu realizzato a mano, asportando la sabbia e rinforzando la roccia con opere murarie che ancora oggi svolgono la loro funzione statica di sostegno dell\u2019ampio casolare sovrastante, di pertinenza dell\u2019attivit\u00e0 agricola che svolgeva la famiglia Oliviero nell\u2019ampia tenuta. Nella cantina si vinificava e si conservava il vino proveniente da uve coltivate nella propria azienda e commercializzato nelle diverse cantine locali, nonch\u00e8 per il consumo della locanda Fuocomuorto condotta dalla famiglia Oliviero.<\/p>\n<\/div>\n<\/div>\n\n\n\n<div class=\"wp-block-columns is-layout-flex wp-container-core-columns-is-layout-9d6595d7 wp-block-columns-is-layout-flex\">\n<div class=\"wp-block-column is-layout-flow wp-block-column-is-layout-flow\" style=\"flex-basis:66.66%\">\n<p><\/p>\n\n\n\n<p><\/p>\n\n\n\n<p>Sono ben conservate i reperti dell\u2019 attivit\u00e0 di vinificazione come il pigiatore (luogo dove si pigiavano le uve con i piedi) utilizzato per l\u2019ultima volta nel 1906, dove in seguito ad una eruzione vulcanica la cantina fu invasa e completamente sotterrata dalla furia di una lava di cenere mista ad acqua e sabbia vulcanica. Questo pigiatoio \u00e8 stato conservato per 100 anni sotto 3 metri si sabbia e cenere. I lavori di scavo per il rinforzo della volta rocciosa della cantina lo hanno riportato alla luce nel Dicembre del 2006. Ben conservate sono ancora le due cisterne per la raccolta delle acque piovane in uso fino a pochi anni fa.<\/p>\n<\/div>\n\n\n\n<div class=\"wp-block-column is-layout-flow wp-block-column-is-layout-flow\" style=\"flex-basis:33.33%\">\n<figure class=\"wp-block-image size-large is-style-default\"><img decoding=\"async\" width=\"1024\" height=\"683\" src=\"http:\/\/www.fuoco.hmd.it\/wp-content\/uploads\/2021\/10\/2N8A4650-1024x683.jpg\" alt=\"\" class=\"wp-image-47\" srcset=\"https:\/\/www.fuocomuorto.it\/wp-content\/uploads\/2021\/10\/2N8A4650-200x133.jpg 200w, https:\/\/www.fuocomuorto.it\/wp-content\/uploads\/2021\/10\/2N8A4650-300x200.jpg 300w, https:\/\/www.fuocomuorto.it\/wp-content\/uploads\/2021\/10\/2N8A4650-400x267.jpg 400w, https:\/\/www.fuocomuorto.it\/wp-content\/uploads\/2021\/10\/2N8A4650-600x400.jpg 600w, https:\/\/www.fuocomuorto.it\/wp-content\/uploads\/2021\/10\/2N8A4650-768x512.jpg 768w, https:\/\/www.fuocomuorto.it\/wp-content\/uploads\/2021\/10\/2N8A4650-800x533.jpg 800w, https:\/\/www.fuocomuorto.it\/wp-content\/uploads\/2021\/10\/2N8A4650-1024x683.jpg 1024w, https:\/\/www.fuocomuorto.it\/wp-content\/uploads\/2021\/10\/2N8A4650-1200x800.jpg 1200w, https:\/\/www.fuocomuorto.it\/wp-content\/uploads\/2021\/10\/2N8A4650-1536x1024.jpg 1536w, https:\/\/www.fuocomuorto.it\/wp-content\/uploads\/2021\/10\/2N8A4650-scaled.jpg 2560w\" sizes=\"(max-width: 1024px) 100vw, 1024px\" \/><\/figure>\n<\/div>\n<\/div>\n\n\n\n<div class=\"wp-block-columns is-layout-flex wp-container-core-columns-is-layout-9d6595d7 wp-block-columns-is-layout-flex\">\n<div class=\"wp-block-column is-layout-flow wp-block-column-is-layout-flow\" style=\"flex-basis:33.33%\">\n<figure class=\"wp-block-image size-large is-style-default\"><img decoding=\"async\" width=\"1024\" height=\"683\" src=\"http:\/\/www.fuoco.hmd.it\/wp-content\/uploads\/2021\/10\/2N8A4633a-1024x683.jpg\" alt=\"\" class=\"wp-image-48\" srcset=\"https:\/\/www.fuocomuorto.it\/wp-content\/uploads\/2021\/10\/2N8A4633a-200x133.jpg 200w, https:\/\/www.fuocomuorto.it\/wp-content\/uploads\/2021\/10\/2N8A4633a-300x200.jpg 300w, https:\/\/www.fuocomuorto.it\/wp-content\/uploads\/2021\/10\/2N8A4633a-400x267.jpg 400w, https:\/\/www.fuocomuorto.it\/wp-content\/uploads\/2021\/10\/2N8A4633a-600x400.jpg 600w, https:\/\/www.fuocomuorto.it\/wp-content\/uploads\/2021\/10\/2N8A4633a-768x512.jpg 768w, https:\/\/www.fuocomuorto.it\/wp-content\/uploads\/2021\/10\/2N8A4633a-800x533.jpg 800w, https:\/\/www.fuocomuorto.it\/wp-content\/uploads\/2021\/10\/2N8A4633a-1024x683.jpg 1024w, https:\/\/www.fuocomuorto.it\/wp-content\/uploads\/2021\/10\/2N8A4633a-1200x800.jpg 1200w, https:\/\/www.fuocomuorto.it\/wp-content\/uploads\/2021\/10\/2N8A4633a-1536x1024.jpg 1536w, https:\/\/www.fuocomuorto.it\/wp-content\/uploads\/2021\/10\/2N8A4633a-scaled.jpg 2560w\" sizes=\"(max-width: 1024px) 100vw, 1024px\" \/><\/figure>\n<\/div>\n\n\n\n<div class=\"wp-block-column is-layout-flow wp-block-column-is-layout-flow\" style=\"flex-basis:66.66%\">\n<p><\/p>\n\n\n\n<p><\/p>\n\n\n\n<p>Sono ancora ben visibili le impermeabilizzazioni che venivano realizzate con il lapillo pressato per contenere le acque piovane. Molto interessante \u00e8 anche il sistema di areazione della cantina con due aperture in posizione sud\/ovest e in posizione nord\/est.<\/p>\n<\/div>\n<\/div>\n\n\n\n<div class=\"wp-block-columns is-layout-flex wp-container-core-columns-is-layout-9d6595d7 wp-block-columns-is-layout-flex\">\n<div class=\"wp-block-column is-layout-flow wp-block-column-is-layout-flow\" style=\"flex-basis:66.66%\">\n<p><\/p>\n\n\n\n<p>L\u2019ingresso principale \u00e8 costituito da una apertura naturale della cavit\u00e0 originale. L\u2019apertura secondaria ( nord\/est ) \u00e8 stata ricavata perforando i 3 metri di roccia su cui si basa il fabbricato rurale ed \u00e8 stata fatta per garantire la ventilazione del locale cantina. Le due cisterne e le due aperture sono posizionate ai 4 punti cardinali tale da garantire una ventilazione ottimale in tutti i periodi dell\u2019anno e in tutte le condizioni atmosferiche tali da garantire temperature e umidit\u00e0 per la ottima conservazione del vino Lacryma christi per tutto il periodo dell\u2019anno e soprattutto nelle torride estati.<\/p>\n<\/div>\n\n\n\n<div class=\"wp-block-column is-layout-flow wp-block-column-is-layout-flow\" style=\"flex-basis:33.33%\">\n<figure class=\"wp-block-image size-large is-resized is-style-default\"><img decoding=\"async\" src=\"http:\/\/www.fuoco.hmd.it\/wp-content\/uploads\/2021\/11\/2N8A4605a-edited-scaled.jpg\" alt=\"\" class=\"wp-image-259\" width=\"430\" height=\"321\" srcset=\"https:\/\/www.fuocomuorto.it\/wp-content\/uploads\/2021\/11\/2N8A4605a-edited-200x150.jpg 200w, https:\/\/www.fuocomuorto.it\/wp-content\/uploads\/2021\/11\/2N8A4605a-edited-300x225.jpg 300w, https:\/\/www.fuocomuorto.it\/wp-content\/uploads\/2021\/11\/2N8A4605a-edited-400x300.jpg 400w, https:\/\/www.fuocomuorto.it\/wp-content\/uploads\/2021\/11\/2N8A4605a-edited-scaled.jpg 2560w\" sizes=\"(max-width: 430px) 100vw, 430px\" \/><\/figure>\n<\/div>\n<\/div>\n\n\n\n<div class=\"wp-block-columns is-layout-flex wp-container-core-columns-is-layout-9d6595d7 wp-block-columns-is-layout-flex\">\n<div class=\"wp-block-column is-layout-flow wp-block-column-is-layout-flow\" style=\"flex-basis:33.33%\">\n<figure class=\"wp-block-image size-large is-style-default\"><img decoding=\"async\" width=\"1024\" height=\"683\" src=\"http:\/\/www.fuoco.hmd.it\/wp-content\/uploads\/2021\/10\/2N8A4612a-1024x683.jpg\" alt=\"\" class=\"wp-image-50\" srcset=\"https:\/\/www.fuocomuorto.it\/wp-content\/uploads\/2021\/10\/2N8A4612a-200x133.jpg 200w, https:\/\/www.fuocomuorto.it\/wp-content\/uploads\/2021\/10\/2N8A4612a-300x200.jpg 300w, https:\/\/www.fuocomuorto.it\/wp-content\/uploads\/2021\/10\/2N8A4612a-400x267.jpg 400w, https:\/\/www.fuocomuorto.it\/wp-content\/uploads\/2021\/10\/2N8A4612a-600x400.jpg 600w, https:\/\/www.fuocomuorto.it\/wp-content\/uploads\/2021\/10\/2N8A4612a-768x512.jpg 768w, https:\/\/www.fuocomuorto.it\/wp-content\/uploads\/2021\/10\/2N8A4612a-800x534.jpg 800w, https:\/\/www.fuocomuorto.it\/wp-content\/uploads\/2021\/10\/2N8A4612a-1024x683.jpg 1024w, https:\/\/www.fuocomuorto.it\/wp-content\/uploads\/2021\/10\/2N8A4612a-1200x800.jpg 1200w, https:\/\/www.fuocomuorto.it\/wp-content\/uploads\/2021\/10\/2N8A4612a.jpg 1417w\" sizes=\"(max-width: 1024px) 100vw, 1024px\" \/><\/figure>\n<\/div>\n\n\n\n<div class=\"wp-block-column is-layout-flow wp-block-column-is-layout-flow\" style=\"flex-basis:66.66%\">\n<p><\/p>\n\n\n\n<p><\/p>\n\n\n\n<p>Questa cantina, nell\u2019ultimo conflitto mondiale \u00e8 stata utilizzata dagli abitanti della zona e da molti sfollati che provenivano dall\u2019abitato di Resina (ora Ercolano) come luogo di rifugio dai bombardamenti degli americani, trovando ospitalit\u00e0 e sicurezza. Questa cantina \u00e8 stata oggetto di ristrutturazione con opera di rinforzi per la migliore staticit\u00e0 dell\u2019edificio rurale. La cantina \u00e8 oggi utilizzata come luogo di conservazione del vino prodotto nell\u2019azienda agricola di propriet\u00e0 di Vincenzo Oliviero che ha ripreso sia l\u2019attivit\u00e0 di viticoltura che di vinificazione del suo antenato omonimo, producendo il vino Lascryma Christi D.O.C.<\/p>\n<\/div>\n<\/div>\n\n\n\n<p><a rel=\"noreferrer noopener\" href=\"https:\/\/fuocomuorto.com\/\" target=\"_blank\">&nbsp;VISITA LO SHOP<\/a><\/p>\n\n\n\n<p><\/p>\n\n\n\nngg_shortcode_0_placeholder\n","protected":false},"excerpt":{"rendered":"<p>Il 12 luglio 1780 rappresenta la data in cui fu [&hellip;]<\/p>\n","protected":false},"author":1,"featured_media":0,"parent":10,"menu_order":0,"comment_status":"closed","ping_status":"closed","template":"","meta":{"ngg_post_thumbnail":0,"footnotes":""},"class_list":["post-38","page","type-page","status-publish","hentry"],"_links":{"self":[{"href":"https:\/\/www.fuocomuorto.it\/index.php\/wp-json\/wp\/v2\/pages\/38","targetHints":{"allow":["GET"]}}],"collection":[{"href":"https:\/\/www.fuocomuorto.it\/index.php\/wp-json\/wp\/v2\/pages"}],"about":[{"href":"https:\/\/www.fuocomuorto.it\/index.php\/wp-json\/wp\/v2\/types\/page"}],"author":[{"embeddable":true,"href":"https:\/\/www.fuocomuorto.it\/index.php\/wp-json\/wp\/v2\/users\/1"}],"replies":[{"embeddable":true,"href":"https:\/\/www.fuocomuorto.it\/index.php\/wp-json\/wp\/v2\/comments?post=38"}],"version-history":[{"count":19,"href":"https:\/\/www.fuocomuorto.it\/index.php\/wp-json\/wp\/v2\/pages\/38\/revisions"}],"predecessor-version":[{"id":365,"href":"https:\/\/www.fuocomuorto.it\/index.php\/wp-json\/wp\/v2\/pages\/38\/revisions\/365"}],"up":[{"embeddable":true,"href":"https:\/\/www.fuocomuorto.it\/index.php\/wp-json\/wp\/v2\/pages\/10"}],"wp:attachment":[{"href":"https:\/\/www.fuocomuorto.it\/index.php\/wp-json\/wp\/v2\/media?parent=38"}],"curies":[{"name":"wp","href":"https:\/\/api.w.org\/{rel}","templated":true}]}}